{"id":60,"date":"2024-11-06T13:12:34","date_gmt":"2024-11-06T13:12:34","guid":{"rendered":"https:\/\/hypnotherapie-helpt.nl\/index.php\/about\/"},"modified":"2025-02-01T19:09:50","modified_gmt":"2025-02-01T19:09:50","slug":"liesbeth-passchier","status":"publish","type":"page","link":"https:\/\/hypnotherapie-helpt.nl\/index.php\/liesbeth-passchier\/","title":{"rendered":"Over mij"},"content":{"rendered":"<style>.kb-row-layout-id60_196a67-cc > .kt-row-column-wrap{align-content:start;}:where(.kb-row-layout-id60_196a67-cc > .kt-row-column-wrap) > .wp-block-kadence-column{justify-content:start;}.kb-row-layout-id60_196a67-cc > .kt-row-column-wrap{column-gap:var(--global-kb-gap-md, 2rem);row-gap:var(--global-kb-gap-md, 2rem);max-width:600px;margin-left:auto;margin-right:auto;padding-top:100px;padding-right:0px;padding-bottom:100px;padding-left:0px;grid-template-columns:minmax(0, 1fr);}.kb-row-layout-id60_196a67-cc{background-image:url('https:\/\/hypnotherapie-helpt.nl\/wp-content\/uploads\/2024\/11\/20240913-DSCF3223-scaled.jpg');background-size:cover;background-position:center center;background-attachment:fixed;background-repeat:no-repeat;}.kb-row-layout-id60_196a67-cc > .kt-row-layout-overlay{opacity:0.80;background-color:var(--global-palette9, #ffffff);mix-blend-mode:normal;}@media all and (max-width: 1024px), only screen and (min-device-width: 1024px) and (max-device-width: 1366px) and (-webkit-min-device-pixel-ratio: 2) and (hover: none){.kb-row-layout-id60_196a67-cc{background-attachment:scroll;}}@media all and (max-width: 1024px){.kb-row-layout-id60_196a67-cc > .kt-row-column-wrap{grid-template-columns:minmax(0, 1fr);}}@media all and (max-width: 767px){.kb-row-layout-id60_196a67-cc > .kt-row-column-wrap{padding-top:120px;padding-right:15px;padding-bottom:60px;padding-left:15px;grid-template-columns:minmax(0, 1fr);}}<\/style><div class=\"kb-row-layout-wrap kb-row-layout-id60_196a67-cc alignfull kt-row-has-bg wp-block-kadence-rowlayout\"><div class=\"kt-row-layout-overlay kt-row-overlay-normal\"><\/div><div class=\"kt-row-column-wrap kt-has-1-columns kt-row-layout-equal kt-tab-layout-inherit kt-mobile-layout-row kt-row-valign-top\">\n<style>.kadence-column60_e1e62c-02 > .kt-inside-inner-col{padding-top:10px;padding-right:10px;padding-bottom:10px;padding-left:10px;}.kadence-column60_e1e62c-02 > .kt-inside-inner-col,.kadence-column60_e1e62c-02 > .kt-inside-inner-col:before{border-top-left-radius:0px;border-top-right-radius:0px;border-bottom-right-radius:0px;border-bottom-left-radius:0px;}.kadence-column60_e1e62c-02 > .kt-inside-inner-col{column-gap:var(--global-kb-gap-sm, 1rem);}.kadence-column60_e1e62c-02 > .kt-inside-inner-col{flex-direction:column;}.kadence-column60_e1e62c-02 > .kt-inside-inner-col > .aligncenter{width:100%;}.kadence-column60_e1e62c-02 > .kt-inside-inner-col:before{opacity:0.3;}.kadence-column60_e1e62c-02{position:relative;}@media all and (max-width: 1024px){.kadence-column60_e1e62c-02 > .kt-inside-inner-col{flex-direction:column;}}@media all and (max-width: 767px){.kadence-column60_e1e62c-02 > .kt-inside-inner-col{flex-direction:column;}}<\/style>\n<div class=\"wp-block-kadence-column kadence-column60_e1e62c-02 inner-column-1\"><div class=\"kt-inside-inner-col\"><style>.wp-block-kadence-advancedheading.kt-adv-heading60_de6bb3-66, .wp-block-kadence-advancedheading.kt-adv-heading60_de6bb3-66[data-kb-block=\"kb-adv-heading60_de6bb3-66\"]{margin-bottom:26px;text-align:center;font-size:var(--global-kb-font-size-xl, 3rem);line-height:64px;font-style:normal;}.wp-block-kadence-advancedheading.kt-adv-heading60_de6bb3-66 mark.kt-highlight, .wp-block-kadence-advancedheading.kt-adv-heading60_de6bb3-66[data-kb-block=\"kb-adv-heading60_de6bb3-66\"] mark.kt-highlight{font-style:normal;color:#f76a0c;-webkit-box-decoration-break:clone;box-decoration-break:clone;padding-top:0px;padding-right:0px;padding-bottom:0px;padding-left:0px;}@media all and (max-width: 767px){.wp-block-kadence-advancedheading.kt-adv-heading60_de6bb3-66, .wp-block-kadence-advancedheading.kt-adv-heading60_de6bb3-66[data-kb-block=\"kb-adv-heading60_de6bb3-66\"]{font-size:32px;line-height:36px;}}<\/style>\n<h1 class=\"kt-adv-heading60_de6bb3-66 wp-block-kadence-advancedheading has-theme-palette-3-color has-text-color\" data-kb-block=\"kb-adv-heading60_de6bb3-66\">Over mij<\/h1>\n\n\n<style>.wp-block-kadence-advancedheading.kt-adv-heading60_451248-8c, .wp-block-kadence-advancedheading.kt-adv-heading60_451248-8c[data-kb-block=\"kb-adv-heading60_451248-8c\"]{margin-bottom:40px;text-align:center;font-style:normal;}.wp-block-kadence-advancedheading.kt-adv-heading60_451248-8c mark.kt-highlight, .wp-block-kadence-advancedheading.kt-adv-heading60_451248-8c[data-kb-block=\"kb-adv-heading60_451248-8c\"] mark.kt-highlight{font-style:normal;color:#f76a0c;-webkit-box-decoration-break:clone;box-decoration-break:clone;padding-top:0px;padding-right:0px;padding-bottom:0px;padding-left:0px;}<\/style>\n<p class=\"kt-adv-heading60_451248-8c wp-block-kadence-advancedheading has-theme-palette-4-color has-text-color\" data-kb-block=\"kb-adv-heading60_451248-8c\">Pak jij vandaag je probleem of wens aan?<br>Elke (innerlijke) reis begint met een eerste stap.<\/p>\n\n\n<style>.wp-block-kadence-advancedbtn.kb-btns60_ba2dbc-60{gap:var(--global-kb-gap-xs, 0.5rem );justify-content:center;align-items:center;}.kt-btns60_ba2dbc-60 .kt-button{font-weight:normal;font-style:normal;}.kt-btns60_ba2dbc-60 .kt-btn-wrap-0{margin-right:5px;}.wp-block-kadence-advancedbtn.kt-btns60_ba2dbc-60 .kt-btn-wrap-0 .kt-button{color:#555555;border-color:#555555;}.wp-block-kadence-advancedbtn.kt-btns60_ba2dbc-60 .kt-btn-wrap-0 .kt-button:hover, .wp-block-kadence-advancedbtn.kt-btns60_ba2dbc-60 .kt-btn-wrap-0 .kt-button:focus{color:#ffffff;border-color:#444444;}.wp-block-kadence-advancedbtn.kt-btns60_ba2dbc-60 .kt-btn-wrap-0 .kt-button::before{display:none;}.wp-block-kadence-advancedbtn.kt-btns60_ba2dbc-60 .kt-btn-wrap-0 .kt-button:hover, .wp-block-kadence-advancedbtn.kt-btns60_ba2dbc-60 .kt-btn-wrap-0 .kt-button:focus{background:#444444;}<\/style>\n<div class=\"wp-block-kadence-advancedbtn kb-buttons-wrap kb-btns60_ba2dbc-60\"><style>ul.menu .wp-block-kadence-advancedbtn .kb-btn60_85faef-5b.kb-button{width:initial;}@media all and (max-width: 1024px){.kb-btn60_85faef-5b.kb-button .kb-svg-icon-wrap{display:block;}}<\/style><a class=\"kb-button kt-button button kb-btn60_85faef-5b kt-btn-size-standard kt-btn-width-type-auto kb-btn-global-fill kt-btn-has-text-true kt-btn-has-svg-false wp-block-kadence-singlebtn\" href=\"https:\/\/hypnotherapie-helpt.nl\/index.php\/contact\/\"><span class=\"kt-btn-inner-text\">Maak een afspraak<\/span><\/a><\/div>\n<\/div><\/div>\n\n<\/div><\/div>\n\n<style>.kb-row-layout-id60_49ef08-59 > .kt-row-column-wrap{align-content:center;}:where(.kb-row-layout-id60_49ef08-59 > .kt-row-column-wrap) > .wp-block-kadence-column{justify-content:center;}.kb-row-layout-id60_49ef08-59 > .kt-row-column-wrap{column-gap:var(--global-kb-gap-md, 2rem);row-gap:var(--global-kb-gap-md, 2rem);max-width:var( --global-content-width, 1475px );padding-left:var(--global-content-edge-padding);padding-right:var(--global-content-edge-padding);padding-top:var(--global-kb-spacing-xl, 4rem);padding-bottom:var(--global-kb-spacing-xl, 4rem);grid-template-columns:repeat(2, minmax(0, 1fr));}.kb-row-layout-id60_49ef08-59{background-color:#ecece9;}.kb-row-layout-id60_49ef08-59 > .kt-row-layout-overlay{opacity:0.30;}@media all and (max-width: 1024px){.kb-row-layout-id60_49ef08-59 > .kt-row-column-wrap{grid-template-columns:repeat(2, minmax(0, 1fr));}}@media all and (max-width: 767px){.kb-row-layout-id60_49ef08-59 > .kt-row-column-wrap{grid-template-columns:minmax(0, 1fr);}}<\/style><div class=\"kb-row-layout-wrap kb-row-layout-id60_49ef08-59 alignfull kt-row-has-bg wp-block-kadence-rowlayout\"><div class=\"kt-row-column-wrap kt-has-2-columns kt-row-layout-equal kt-tab-layout-inherit kt-mobile-layout-row kt-row-valign-middle kb-theme-content-width\">\n<style>.kadence-column60_b9c158-10 > .kt-inside-inner-col{display:flex;}.kadence-column60_b9c158-10 > .kt-inside-inner-col{padding-right:var(--global-kb-spacing-md, 2rem);padding-left:var(--global-kb-spacing-md, 2rem);}.kadence-column60_b9c158-10 > .kt-inside-inner-col,.kadence-column60_b9c158-10 > .kt-inside-inner-col:before{border-top-left-radius:0px;border-top-right-radius:0px;border-bottom-right-radius:0px;border-bottom-left-radius:0px;}.kadence-column60_b9c158-10 > .kt-inside-inner-col{column-gap:var(--global-kb-gap-sm, 1rem);}.kadence-column60_b9c158-10 > .kt-inside-inner-col{flex-direction:column;justify-content:center;}.kadence-column60_b9c158-10 > .kt-inside-inner-col > .aligncenter{width:100%;}.kt-row-column-wrap > .kadence-column60_b9c158-10{align-self:center;}.kt-inner-column-height-full:not(.kt-has-1-columns) > .wp-block-kadence-column.kadence-column60_b9c158-10{align-self:auto;}.kt-inner-column-height-full:not(.kt-has-1-columns) > .wp-block-kadence-column.kadence-column60_b9c158-10 > .kt-inside-inner-col{flex-direction:column;justify-content:center;}.kadence-column60_b9c158-10 > .kt-inside-inner-col:before{opacity:0.3;}.kadence-column60_b9c158-10{position:relative;}@media all and (max-width: 1024px){.kt-row-column-wrap > .kadence-column60_b9c158-10{align-self:center;}}@media all and (max-width: 1024px){.kt-inner-column-height-full:not(.kt-has-1-columns) > .wp-block-kadence-column.kadence-column60_b9c158-10{align-self:auto;}}@media all and (max-width: 1024px){.kt-inner-column-height-full:not(.kt-has-1-columns) > .wp-block-kadence-column.kadence-column60_b9c158-10 > .kt-inside-inner-col{flex-direction:column;justify-content:center;}}@media all and (max-width: 1024px){.kadence-column60_b9c158-10 > .kt-inside-inner-col{flex-direction:column;}}@media all and (max-width: 767px){.kt-row-column-wrap > .kadence-column60_b9c158-10{align-self:center;}.kt-inner-column-height-full:not(.kt-has-1-columns) > .wp-block-kadence-column.kadence-column60_b9c158-10{align-self:auto;}.kt-inner-column-height-full:not(.kt-has-1-columns) > .wp-block-kadence-column.kadence-column60_b9c158-10 > .kt-inside-inner-col{flex-direction:column;justify-content:center;}.kadence-column60_b9c158-10 > .kt-inside-inner-col{flex-direction:column;}}<\/style>\n<div class=\"wp-block-kadence-column kadence-column60_b9c158-10\"><div class=\"kt-inside-inner-col\"><style>.wp-block-kadence-advancedheading.kt-adv-heading60_97451c-94, .wp-block-kadence-advancedheading.kt-adv-heading60_97451c-94[data-kb-block=\"kb-adv-heading60_97451c-94\"]{text-align:center;font-size:var(--global-kb-font-size-xl, 3rem);line-height:1.2;font-style:normal;}.wp-block-kadence-advancedheading.kt-adv-heading60_97451c-94 mark.kt-highlight, .wp-block-kadence-advancedheading.kt-adv-heading60_97451c-94[data-kb-block=\"kb-adv-heading60_97451c-94\"] mark.kt-highlight{font-style:normal;color:#f76a0c;-webkit-box-decoration-break:clone;box-decoration-break:clone;padding-top:0px;padding-right:0px;padding-bottom:0px;padding-left:0px;}<\/style>\n<h2 class=\"kt-adv-heading60_97451c-94 wp-block-kadence-advancedheading has-theme-palette-3-color has-text-color\" data-kb-block=\"kb-adv-heading60_97451c-94\">&#8220;Ik stem elke therapie af op de problematiek en wensen<br> die je hebt.<br>Ik kijk daarbij naar lichaam, geest en ziel, omdat die nauw met elkaar verbonden zijn.&#8221;<\/h2>\n<\/div><\/div>\n\n\n<style>.kadence-column60_fbc980-b8 > .kt-inside-inner-col{min-height:480px;}.kadence-column60_fbc980-b8 > .kt-inside-inner-col,.kadence-column60_fbc980-b8 > .kt-inside-inner-col:before{border-top-left-radius:0px;border-top-right-radius:0px;border-bottom-right-radius:0px;border-bottom-left-radius:0px;}.kadence-column60_fbc980-b8 > .kt-inside-inner-col{column-gap:var(--global-kb-gap-sm, 1rem);}.kadence-column60_fbc980-b8 > .kt-inside-inner-col{flex-direction:column;}.kadence-column60_fbc980-b8 > .kt-inside-inner-col > .aligncenter{width:100%;}.kadence-column60_fbc980-b8 > .kt-inside-inner-col{background-image:url('https:\/\/hypnotherapie-helpt.nl\/wp-content\/uploads\/2024\/11\/20240913-DSCF3253-scaled.jpg');background-size:cover;background-position:60% 54%;background-attachment:scroll;background-repeat:no-repeat;}.kadence-column60_fbc980-b8 > .kt-inside-inner-col:before{opacity:0.3;}.kadence-column60_fbc980-b8{position:relative;}@media all and (max-width: 1024px){.kadence-column60_fbc980-b8 > .kt-inside-inner-col{flex-direction:column;}}@media all and (max-width: 767px){.kadence-column60_fbc980-b8 > .kt-inside-inner-col{flex-direction:column;}}<\/style>\n<div class=\"wp-block-kadence-column kadence-column60_fbc980-b8\"><div class=\"kt-inside-inner-col\"><\/div><\/div>\n\n<\/div><\/div>\n\n<style>.kb-row-layout-id60_bf8139-3b > .kt-row-column-wrap{align-content:center;}:where(.kb-row-layout-id60_bf8139-3b > .kt-row-column-wrap) > .wp-block-kadence-column{justify-content:center;}.kb-row-layout-id60_bf8139-3b > .kt-row-column-wrap{column-gap:var(--global-kb-gap-md, 2rem);row-gap:var(--global-kb-gap-md, 2rem);max-width:var( --global-content-width, 1475px );padding-left:var(--global-content-edge-padding);padding-right:var(--global-content-edge-padding);padding-top:var(--global-kb-spacing-lg, 3rem);padding-bottom:var(--global-kb-spacing-lg, 3rem);grid-template-columns:minmax(0, 1fr);}.kb-row-layout-id60_bf8139-3b > .kt-row-layout-overlay{opacity:0.30;mix-blend-mode:normal;}@media all and (max-width: 1024px){.kb-row-layout-id60_bf8139-3b > .kt-row-column-wrap{grid-template-columns:minmax(0, 1fr);}}@media all and (max-width: 767px){.kb-row-layout-id60_bf8139-3b > .kt-row-column-wrap{grid-template-columns:minmax(0, 1fr);}}<\/style><div class=\"kb-row-layout-wrap kb-row-layout-id60_bf8139-3b alignfull has-theme-palette9-background-color kt-row-has-bg wp-block-kadence-rowlayout\"><div class=\"kt-row-column-wrap kt-has-1-columns kt-row-layout-equal kt-tab-layout-inherit kt-mobile-layout-row kt-row-valign-middle kb-theme-content-width\">\n<style>.kadence-column60_a6e38b-6a > .kt-inside-inner-col,.kadence-column60_a6e38b-6a > .kt-inside-inner-col:before{border-top-left-radius:0px;border-top-right-radius:0px;border-bottom-right-radius:0px;border-bottom-left-radius:0px;}.kadence-column60_a6e38b-6a > .kt-inside-inner-col{column-gap:var(--global-kb-gap-sm, 1rem);}.kadence-column60_a6e38b-6a > .kt-inside-inner-col{flex-direction:column;}.kadence-column60_a6e38b-6a > .kt-inside-inner-col > .aligncenter{width:100%;}.kadence-column60_a6e38b-6a > .kt-inside-inner-col:before{opacity:0.3;}.kadence-column60_a6e38b-6a{text-align:center;}.kadence-column60_a6e38b-6a{position:relative;}@media all and (max-width: 1024px){.kadence-column60_a6e38b-6a > .kt-inside-inner-col{flex-direction:column;}}@media all and (max-width: 767px){.kadence-column60_a6e38b-6a > .kt-inside-inner-col{flex-direction:column;}}<\/style>\n<div class=\"wp-block-kadence-column kadence-column60_a6e38b-6a inner-column-1\"><div class=\"kt-inside-inner-col\"><style>.wp-block-kadence-advancedheading.kt-adv-heading60_9382b8-e6, .wp-block-kadence-advancedheading.kt-adv-heading60_9382b8-e6[data-kb-block=\"kb-adv-heading60_9382b8-e6\"]{font-size:var(--global-kb-font-size-sm, 0.9rem);font-style:normal;text-transform:uppercase;}.wp-block-kadence-advancedheading.kt-adv-heading60_9382b8-e6 mark.kt-highlight, .wp-block-kadence-advancedheading.kt-adv-heading60_9382b8-e6[data-kb-block=\"kb-adv-heading60_9382b8-e6\"] mark.kt-highlight{font-style:normal;color:#f76a0c;-webkit-box-decoration-break:clone;box-decoration-break:clone;padding-top:0px;padding-right:0px;padding-bottom:0px;padding-left:0px;}<\/style>\n<h6 class=\"kt-adv-heading60_9382b8-e6 wp-block-kadence-advancedheading has-theme-palette-6-color has-text-color\" data-kb-block=\"kb-adv-heading60_9382b8-e6\">Mijn achtergrond<\/h6>\n\n\n<style>.wp-block-kadence-advancedheading.kt-adv-heading60_b19eee-63, .wp-block-kadence-advancedheading.kt-adv-heading60_b19eee-63[data-kb-block=\"kb-adv-heading60_b19eee-63\"]{padding-top:var(--global-kb-spacing-xs, 1rem);padding-bottom:var(--global-kb-spacing-xs, 1rem);font-size:var(--global-kb-font-size-xl, 3rem);line-height:1.2;font-style:normal;}.wp-block-kadence-advancedheading.kt-adv-heading60_b19eee-63 mark.kt-highlight, .wp-block-kadence-advancedheading.kt-adv-heading60_b19eee-63[data-kb-block=\"kb-adv-heading60_b19eee-63\"] mark.kt-highlight{font-style:normal;color:#f76a0c;-webkit-box-decoration-break:clone;box-decoration-break:clone;padding-top:0px;padding-right:0px;padding-bottom:0px;padding-left:0px;}@media all and (max-width: 767px){.wp-block-kadence-advancedheading.kt-adv-heading60_b19eee-63, .wp-block-kadence-advancedheading.kt-adv-heading60_b19eee-63[data-kb-block=\"kb-adv-heading60_b19eee-63\"]{font-size:24px;}}<\/style>\n<h2 class=\"kt-adv-heading60_b19eee-63 wp-block-kadence-advancedheading has-theme-palette-3-color has-text-color\" data-kb-block=\"kb-adv-heading60_b19eee-63\">Hoe ben ik hier gekomen<\/h2>\n\n\n<style>.wp-block-kadence-advancedheading.kt-adv-heading60_83c799-8f, .wp-block-kadence-advancedheading.kt-adv-heading60_83c799-8f[data-kb-block=\"kb-adv-heading60_83c799-8f\"]{max-width:600px;margin-right:auto;margin-left:auto;padding-top:0px;padding-right:0px;padding-bottom:0px;padding-left:0px;text-align:center;font-style:normal;}.wp-block-kadence-advancedheading.kt-adv-heading60_83c799-8f mark.kt-highlight, .wp-block-kadence-advancedheading.kt-adv-heading60_83c799-8f[data-kb-block=\"kb-adv-heading60_83c799-8f\"] mark.kt-highlight{font-style:normal;color:#f76a0c;-webkit-box-decoration-break:clone;box-decoration-break:clone;padding-top:0px;padding-right:0px;padding-bottom:0px;padding-left:0px;}<\/style>\n<p class=\"kt-adv-heading60_83c799-8f wp-block-kadence-advancedheading has-theme-palette-3-color has-text-color\" data-kb-block=\"kb-adv-heading60_83c799-8f\">Ik heb een universitaire opleiding gevolgd in Leiden en Amsterdam, waar ik Nederlandse taal- en letterkunde studeerde. Daarna merkte ik tijdens het lesgeven dat angst leerlingen belemmert in hun prestaties. Dit is onnodig en ik wilde hier iets aan doen. Mijn wens &#8211; mensen &#8220;beter&#8221; maken &#8211;&nbsp; heb ik uit laten komen door een driejarige post Hbo-opleiding in Amsterdam te volgen (Hypnotherapie en Integratieve Psychotherapie bij de Nederlandse Academie voor Psychotherapie). In 1999 heb ik deze studie afgerond en ben daarna met mijn praktijk in Hoofddorp gestart.<br><br>Naast het behandelen van cli\u00ebnten heb ik twee jaar lang supervisie gegeven aan studenten die kindertherapie en Integratieve Therapie studeerden. Sinds 2008 werk ik in Noordwijk.<br>Volgens mijn cli\u00ebnten ben ik &#8220;een open iemand. Ik kan goed luisteren en de juiste vragen stellen. Het is gemakkelijk om met mij te praten.\u201d Hierdoor durven mijn cli\u00ebnten zelf ook open te zijn.<br><br>Voor mijn lidmaatschap en registratie bij de CAT volg ik jaarlijks \u00e9\u00e9n of meerdere cursussen om nieuwe kennis en ervaring op te doen. Het CAT (collectief alternatieve therapeuten) is een multidisciplinaire beroepsorganisatie voor alternatieve therapeuten. Hierdoor ben je gewaarborgd van kwalitatieve, goede zorg.<br>De afgelopen 25 jaar heb ik me verdiept in EMDR, EFT, RET en &#8220;De kracht van oplossingen&#8221;. Daarnaast heb ik een aantal maal per jaar collegiaal overleg met andere therapeuten, zodat we ervaringen en kennis kunnen uitwisselen, waarbij altijd de privacy van de cli\u00ebnt gewaarborgd blijft.<\/p>\n<\/div><\/div>\n\n<\/div><\/div>","protected":false},"excerpt":{"rendered":"<p>Over mij Pak jij vandaag je probleem of wens aan?Elke (innerlijke) reis begint met een eerste stap. &#8220;Ik stem elke therapie af op de problematiek en wensen die je hebt.Ik kijk daarbij naar lichaam, geest en ziel, omdat die nauw met elkaar verbonden zijn.&#8221; Mijn achtergrond Hoe ben ik hier gekomen Ik heb een universitaire&#8230;<\/p>\n","protected":false},"author":1,"featured_media":0,"parent":0,"menu_order":0,"comment_status":"closed","ping_status":"closed","template":"","meta":{"_kadence_starter_templates_imported_post":true,"_kad_post_transparent":"","_kad_post_title":"hide","_kad_post_layout":"fullwidth","_kad_post_sidebar_id":"","_kad_post_content_style":"unboxed","_kad_post_vertical_padding":"hide","_kad_post_feature":"hide","_kad_post_feature_position":"","_kad_post_header":false,"_kad_post_footer":false,"footnotes":""},"class_list":["post-60","page","type-page","status-publish","hentry"],"yoast_head":"<!-- This site is optimized with the Yoast SEO plugin v24.3 - https:\/\/yoast.com\/wordpress\/plugins\/seo\/ -->\n<title>Over mij -<\/title>\n<meta name=\"description\" content=\"Hypnotherapie Helpt bij angsten, burn-out of trauma. Liesbeth heeft meer dan 20 jaar ervaring met diverse vormen van hypnotherapie.\" \/>\n<meta name=\"robots\" content=\"index, follow, max-snippet:-1, max-image-preview:large, max-video-preview:-1\" \/>\n<link rel=\"canonical\" href=\"https:\/\/hypnotherapie-helpt.nl\/index.php\/liesbeth-passchier\/\" \/>\n<meta property=\"og:locale\" content=\"nl_NL\" \/>\n<meta property=\"og:type\" content=\"article\" \/>\n<meta property=\"og:title\" content=\"Over mij -\" \/>\n<meta property=\"og:description\" content=\"Hypnotherapie Helpt bij angsten, burn-out of trauma. Liesbeth heeft meer dan 20 jaar ervaring met diverse vormen van hypnotherapie.\" \/>\n<meta property=\"og:url\" content=\"https:\/\/hypnotherapie-helpt.nl\/index.php\/liesbeth-passchier\/\" \/>\n<meta property=\"article:modified_time\" content=\"2025-02-01T19:09:50+00:00\" \/>\n<meta name=\"twitter:card\" content=\"summary_large_image\" \/>\n<meta name=\"twitter:label1\" content=\"Geschatte leestijd\" \/>\n\t<meta name=\"twitter:data1\" content=\"2 minuten\" \/>\n<script type=\"application\/ld+json\" class=\"yoast-schema-graph\">{\"@context\":\"https:\/\/schema.org\",\"@graph\":[{\"@type\":\"WebPage\",\"@id\":\"https:\/\/hypnotherapie-helpt.nl\/index.php\/liesbeth-passchier\/\",\"url\":\"https:\/\/hypnotherapie-helpt.nl\/index.php\/liesbeth-passchier\/\",\"name\":\"Over mij -\",\"isPartOf\":{\"@id\":\"https:\/\/hypnotherapie-helpt.nl\/#website\"},\"datePublished\":\"2024-11-06T13:12:34+00:00\",\"dateModified\":\"2025-02-01T19:09:50+00:00\",\"description\":\"Hypnotherapie Helpt bij angsten, burn-out of trauma. Liesbeth heeft meer dan 20 jaar ervaring met diverse vormen van hypnotherapie.\",\"breadcrumb\":{\"@id\":\"https:\/\/hypnotherapie-helpt.nl\/index.php\/liesbeth-passchier\/#breadcrumb\"},\"inLanguage\":\"nl-NL\",\"potentialAction\":[{\"@type\":\"ReadAction\",\"target\":[\"https:\/\/hypnotherapie-helpt.nl\/index.php\/liesbeth-passchier\/\"]}]},{\"@type\":\"BreadcrumbList\",\"@id\":\"https:\/\/hypnotherapie-helpt.nl\/index.php\/liesbeth-passchier\/#breadcrumb\",\"itemListElement\":[{\"@type\":\"ListItem\",\"position\":1,\"name\":\"Home\",\"item\":\"https:\/\/hypnotherapie-helpt.nl\/\"},{\"@type\":\"ListItem\",\"position\":2,\"name\":\"Over mij\"}]},{\"@type\":\"WebSite\",\"@id\":\"https:\/\/hypnotherapie-helpt.nl\/#website\",\"url\":\"https:\/\/hypnotherapie-helpt.nl\/\",\"name\":\"\",\"description\":\"\",\"potentialAction\":[{\"@type\":\"SearchAction\",\"target\":{\"@type\":\"EntryPoint\",\"urlTemplate\":\"https:\/\/hypnotherapie-helpt.nl\/?s={search_term_string}\"},\"query-input\":{\"@type\":\"PropertyValueSpecification\",\"valueRequired\":true,\"valueName\":\"search_term_string\"}}],\"inLanguage\":\"nl-NL\"}]}<\/script>\n<!-- \/ Yoast SEO plugin. -->","yoast_head_json":{"title":"Over mij -","description":"Hypnotherapie Helpt bij angsten, burn-out of trauma. Liesbeth heeft meer dan 20 jaar ervaring met diverse vormen van hypnotherapie.","robots":{"index":"index","follow":"follow","max-snippet":"max-snippet:-1","max-image-preview":"max-image-preview:large","max-video-preview":"max-video-preview:-1"},"canonical":"https:\/\/hypnotherapie-helpt.nl\/index.php\/liesbeth-passchier\/","og_locale":"nl_NL","og_type":"article","og_title":"Over mij -","og_description":"Hypnotherapie Helpt bij angsten, burn-out of trauma. Liesbeth heeft meer dan 20 jaar ervaring met diverse vormen van hypnotherapie.","og_url":"https:\/\/hypnotherapie-helpt.nl\/index.php\/liesbeth-passchier\/","article_modified_time":"2025-02-01T19:09:50+00:00","twitter_card":"summary_large_image","twitter_misc":{"Geschatte leestijd":"2 minuten"},"schema":{"@context":"https:\/\/schema.org","@graph":[{"@type":"WebPage","@id":"https:\/\/hypnotherapie-helpt.nl\/index.php\/liesbeth-passchier\/","url":"https:\/\/hypnotherapie-helpt.nl\/index.php\/liesbeth-passchier\/","name":"Over mij -","isPartOf":{"@id":"https:\/\/hypnotherapie-helpt.nl\/#website"},"datePublished":"2024-11-06T13:12:34+00:00","dateModified":"2025-02-01T19:09:50+00:00","description":"Hypnotherapie Helpt bij angsten, burn-out of trauma. Liesbeth heeft meer dan 20 jaar ervaring met diverse vormen van hypnotherapie.","breadcrumb":{"@id":"https:\/\/hypnotherapie-helpt.nl\/index.php\/liesbeth-passchier\/#breadcrumb"},"inLanguage":"nl-NL","potentialAction":[{"@type":"ReadAction","target":["https:\/\/hypnotherapie-helpt.nl\/index.php\/liesbeth-passchier\/"]}]},{"@type":"BreadcrumbList","@id":"https:\/\/hypnotherapie-helpt.nl\/index.php\/liesbeth-passchier\/#breadcrumb","itemListElement":[{"@type":"ListItem","position":1,"name":"Home","item":"https:\/\/hypnotherapie-helpt.nl\/"},{"@type":"ListItem","position":2,"name":"Over mij"}]},{"@type":"WebSite","@id":"https:\/\/hypnotherapie-helpt.nl\/#website","url":"https:\/\/hypnotherapie-helpt.nl\/","name":"","description":"","potentialAction":[{"@type":"SearchAction","target":{"@type":"EntryPoint","urlTemplate":"https:\/\/hypnotherapie-helpt.nl\/?s={search_term_string}"},"query-input":{"@type":"PropertyValueSpecification","valueRequired":true,"valueName":"search_term_string"}}],"inLanguage":"nl-NL"}]}},"_links":{"self":[{"href":"https:\/\/hypnotherapie-helpt.nl\/index.php\/wp-json\/wp\/v2\/pages\/60","targetHints":{"allow":["GET"]}}],"collection":[{"href":"https:\/\/hypnotherapie-helpt.nl\/index.php\/wp-json\/wp\/v2\/pages"}],"about":[{"href":"https:\/\/hypnotherapie-helpt.nl\/index.php\/wp-json\/wp\/v2\/types\/page"}],"author":[{"embeddable":true,"href":"https:\/\/hypnotherapie-helpt.nl\/index.php\/wp-json\/wp\/v2\/users\/1"}],"replies":[{"embeddable":true,"href":"https:\/\/hypnotherapie-helpt.nl\/index.php\/wp-json\/wp\/v2\/comments?post=60"}],"version-history":[{"count":5,"href":"https:\/\/hypnotherapie-helpt.nl\/index.php\/wp-json\/wp\/v2\/pages\/60\/revisions"}],"predecessor-version":[{"id":269,"href":"https:\/\/hypnotherapie-helpt.nl\/index.php\/wp-json\/wp\/v2\/pages\/60\/revisions\/269"}],"wp:attachment":[{"href":"https:\/\/hypnotherapie-helpt.nl\/index.php\/wp-json\/wp\/v2\/media?parent=60"}],"curies":[{"name":"wp","href":"https:\/\/api.w.org\/{rel}","templated":true}]}}